{"id":6182,"date":"2019-01-12T19:51:05","date_gmt":"2019-01-12T18:51:05","guid":{"rendered":"http:\/\/www.zss14.pl\/?page_id=6182"},"modified":"2026-04-08T13:11:06","modified_gmt":"2026-04-08T11:11:06","slug":"zaproszenie-na-warsztaty-zawodowe","status":"publish","type":"page","link":"https:\/\/www.zss14.pl\/","title":{"rendered":""},"content":{"rendered":"\n<p>\u00a0<\/p>\n<p style=\"text-align: center;\"><span style=\"background-color: #ffff99;\"><strong><span style=\"font-size: 18pt; background-color: #ffff99;\">W dniach 29 \u2013 30 kwietnia 2026 r. w godz. 13.00 \u2013 17.00 \u2013 b\u0119d\u0105 przeprowadzane rozmowy kwalifikacyjne z kandydatami do Bran\u017cowej Szko\u0142y I stopnia nr 31 i Szko\u0142y Przysposabiaj\u0105cej do Pracy nr 1<\/span><\/strong><\/span><\/p>\n<p>\u00a0<\/p>\n<p><iframe loading=\"lazy\" title=\"TELEDYSK ZSS14 2022\" width=\"660\" height=\"371\" src=\"https:\/\/www.youtube.com\/embed\/yAPluNRlul0?feature=oembed\" frameborder=\"0\" allow=\"accelerometer; autoplay; clipboard-write; encrypted-media; gyroscope; picture-in-picture; web-share\" referrerpolicy=\"strict-origin-when-cross-origin\" allowfullscreen><\/iframe><\/p>\n<p>\u00a0<\/p>\n<p>\u00a0<\/p>\n","protected":false},"excerpt":{"rendered":"<p>\u00a0 W dniach 29 \u2013 30 kwietnia 2026 r. w godz. 13.00 \u2013 17.00 \u2013 b\u0119d\u0105 przeprowadzane rozmowy kwalifikacyjne z kandydatami do Bran\u017cowej Szko\u0142y I stopnia nr 31 i Szko\u0142y Przysposabiaj\u0105cej do Pracy nr 1 \u00a0 \u00a0 \u00a0<\/p>\n","protected":false},"author":2,"featured_media":0,"parent":0,"menu_order":0,"comment_status":"closed","ping_status":"closed","template":"","meta":{"footnotes":""},"class_list":["post-6182","page","type-page","status-publish","hentry","column","threecol"],"jetpack_shortlink":"https:\/\/wp.me\/P8RxGB-1BI","jetpack_sharing_enabled":true,"_links":{"self":[{"href":"https:\/\/www.zss14.pl\/index.php?rest_route=\/wp\/v2\/pages\/6182","targetHints":{"allow":["GET"]}}],"collection":[{"href":"https:\/\/www.zss14.pl\/index.php?rest_route=\/wp\/v2\/pages"}],"about":[{"href":"https:\/\/www.zss14.pl\/index.php?rest_route=\/wp\/v2\/types\/page"}],"author":[{"embeddable":true,"href":"https:\/\/www.zss14.pl\/index.php?rest_route=\/wp\/v2\/users\/2"}],"replies":[{"embeddable":true,"href":"https:\/\/www.zss14.pl\/index.php?rest_route=%2Fwp%2Fv2%2Fcomments&post=6182"}],"version-history":[{"count":237,"href":"https:\/\/www.zss14.pl\/index.php?rest_route=\/wp\/v2\/pages\/6182\/revisions"}],"predecessor-version":[{"id":14910,"href":"https:\/\/www.zss14.pl\/index.php?rest_route=\/wp\/v2\/pages\/6182\/revisions\/14910"}],"wp:attachment":[{"href":"https:\/\/www.zss14.pl\/index.php?rest_route=%2Fwp%2Fv2%2Fmedia&parent=6182"}],"curies":[{"name":"wp","href":"https:\/\/api.w.org\/{rel}","templated":true}]}}