{"id":1259,"date":"2017-11-17T19:37:22","date_gmt":"2017-11-17T18:37:22","guid":{"rendered":"http:\/\/www.zss14.pl\/?page_id=1259"},"modified":"2018-02-13T19:47:55","modified_gmt":"2018-02-13T18:47:55","slug":"wolontariusz-z-projektu-edukacja-globalna","status":"publish","type":"page","link":"https:\/\/www.zss14.pl\/?page_id=1259","title":{"rendered":"Wolontariusz z projektu &#8222;Edukacja Globalna&#8221;"},"content":{"rendered":"<p style=\"text-align: justify;\"><span style=\"font-size: 14pt;\">W ramach projektu z Edukacji Globalnej w poniedzia\u0142ek 13.11.2017 roku odwiedzi\u0142a nas pani Gosia, kt\u00f3ra jest wolontariuszk\u0105. Ca\u0142y rok by\u0142a na misji w Ameryce Po\u0142udniowej. Pomaga\u0142a tam dzieciom i ich opiekunom w Domu Dziecka w Boliwii. Przygotowa\u0142a wspania\u0142\u0105 prezentacj\u0119, dzi\u0119ki kt\u00f3rej przybli\u017cy\u0142a nam ich kultur\u0119 oraz zobaczyli\u015bmy, jak ludzie \u017cyj\u0105 w tamtym rejonie \u015bwiata. Ogl\u0105dn\u0119li\u015bmy zdj\u0119cia oraz ubrania wykonane z we\u0142ny z alpaki.<\/span><\/p>\n<p><img data-recalc-dims=\"1\" loading=\"lazy\" decoding=\"async\" data-attachment-id=\"1260\" data-permalink=\"https:\/\/www.zss14.pl\/?attachment_id=1260\" data-orig-file=\"https:\/\/i0.wp.com\/www.zss14.pl\/wp-content\/uploads\/2017\/11\/received_1731584336865239.jpeg?fit=2048%2C1152&amp;ssl=1\" data-orig-size=\"2048,1152\" data-comments-opened=\"0\" data-image-meta=\"{&quot;aperture&quot;:&quot;0&quot;,&quot;credit&quot;:&quot;&quot;,&quot;camera&quot;:&quot;&quot;,&quot;caption&quot;:&quot;&quot;,&quot;created_timestamp&quot;:&quot;0&quot;,&quot;copyright&quot;:&quot;&quot;,&quot;focal_length&quot;:&quot;0&quot;,&quot;iso&quot;:&quot;0&quot;,&quot;shutter_speed&quot;:&quot;0&quot;,&quot;title&quot;:&quot;&quot;,&quot;orientation&quot;:&quot;0&quot;}\" data-image-title=\"received_1731584336865239\" data-image-description=\"\" data-image-caption=\"\" data-large-file=\"https:\/\/i0.wp.com\/www.zss14.pl\/wp-content\/uploads\/2017\/11\/received_1731584336865239.jpeg?fit=660%2C371&amp;ssl=1\" class=\"aligncenter size-large wp-image-1260\" src=\"https:\/\/i0.wp.com\/www.zss14.pl\/wp-content\/uploads\/2017\/11\/received_1731584336865239.jpeg?resize=660%2C371&#038;ssl=1\" alt=\"\" width=\"660\" height=\"371\" srcset=\"https:\/\/i0.wp.com\/www.zss14.pl\/wp-content\/uploads\/2017\/11\/received_1731584336865239.jpeg?resize=1024%2C576&amp;ssl=1 1024w, https:\/\/i0.wp.com\/www.zss14.pl\/wp-content\/uploads\/2017\/11\/received_1731584336865239.jpeg?resize=300%2C169&amp;ssl=1 300w, https:\/\/i0.wp.com\/www.zss14.pl\/wp-content\/uploads\/2017\/11\/received_1731584336865239.jpeg?resize=768%2C432&amp;ssl=1 768w, https:\/\/i0.wp.com\/www.zss14.pl\/wp-content\/uploads\/2017\/11\/received_1731584336865239.jpeg?resize=700%2C393&amp;ssl=1 700w, https:\/\/i0.wp.com\/www.zss14.pl\/wp-content\/uploads\/2017\/11\/received_1731584336865239.jpeg?w=2048&amp;ssl=1 2048w, https:\/\/i0.wp.com\/www.zss14.pl\/wp-content\/uploads\/2017\/11\/received_1731584336865239.jpeg?w=1320&amp;ssl=1 1320w, https:\/\/i0.wp.com\/www.zss14.pl\/wp-content\/uploads\/2017\/11\/received_1731584336865239.jpeg?w=1980&amp;ssl=1 1980w\" sizes=\"auto, (max-width: 660px) 100vw, 660px\" \/> <img data-recalc-dims=\"1\" loading=\"lazy\" decoding=\"async\" data-attachment-id=\"1261\" data-permalink=\"https:\/\/www.zss14.pl\/?attachment_id=1261\" data-orig-file=\"https:\/\/i0.wp.com\/www.zss14.pl\/wp-content\/uploads\/2017\/11\/received_1731584340198572.jpeg?fit=2048%2C1152&amp;ssl=1\" data-orig-size=\"2048,1152\" data-comments-opened=\"0\" data-image-meta=\"{&quot;aperture&quot;:&quot;0&quot;,&quot;credit&quot;:&quot;&quot;,&quot;camera&quot;:&quot;&quot;,&quot;caption&quot;:&quot;&quot;,&quot;created_timestamp&quot;:&quot;0&quot;,&quot;copyright&quot;:&quot;&quot;,&quot;focal_length&quot;:&quot;0&quot;,&quot;iso&quot;:&quot;0&quot;,&quot;shutter_speed&quot;:&quot;0&quot;,&quot;title&quot;:&quot;&quot;,&quot;orientation&quot;:&quot;0&quot;}\" data-image-title=\"received_1731584340198572\" data-image-description=\"\" data-image-caption=\"\" data-large-file=\"https:\/\/i0.wp.com\/www.zss14.pl\/wp-content\/uploads\/2017\/11\/received_1731584340198572.jpeg?fit=660%2C371&amp;ssl=1\" class=\"aligncenter size-large wp-image-1261\" src=\"https:\/\/i0.wp.com\/www.zss14.pl\/wp-content\/uploads\/2017\/11\/received_1731584340198572.jpeg?resize=660%2C371&#038;ssl=1\" alt=\"\" width=\"660\" height=\"371\" srcset=\"https:\/\/i0.wp.com\/www.zss14.pl\/wp-content\/uploads\/2017\/11\/received_1731584340198572.jpeg?resize=1024%2C576&amp;ssl=1 1024w, https:\/\/i0.wp.com\/www.zss14.pl\/wp-content\/uploads\/2017\/11\/received_1731584340198572.jpeg?resize=300%2C169&amp;ssl=1 300w, https:\/\/i0.wp.com\/www.zss14.pl\/wp-content\/uploads\/2017\/11\/received_1731584340198572.jpeg?resize=768%2C432&amp;ssl=1 768w, https:\/\/i0.wp.com\/www.zss14.pl\/wp-content\/uploads\/2017\/11\/received_1731584340198572.jpeg?resize=700%2C393&amp;ssl=1 700w, https:\/\/i0.wp.com\/www.zss14.pl\/wp-content\/uploads\/2017\/11\/received_1731584340198572.jpeg?w=2048&amp;ssl=1 2048w, https:\/\/i0.wp.com\/www.zss14.pl\/wp-content\/uploads\/2017\/11\/received_1731584340198572.jpeg?w=1320&amp;ssl=1 1320w, https:\/\/i0.wp.com\/www.zss14.pl\/wp-content\/uploads\/2017\/11\/received_1731584340198572.jpeg?w=1980&amp;ssl=1 1980w\" sizes=\"auto, (max-width: 660px) 100vw, 660px\" \/> <img data-recalc-dims=\"1\" loading=\"lazy\" decoding=\"async\" data-attachment-id=\"1262\" data-permalink=\"https:\/\/www.zss14.pl\/?attachment_id=1262\" data-orig-file=\"https:\/\/i0.wp.com\/www.zss14.pl\/wp-content\/uploads\/2017\/11\/received_1731584346865238.jpeg?fit=2048%2C1152&amp;ssl=1\" data-orig-size=\"2048,1152\" data-comments-opened=\"0\" data-image-meta=\"{&quot;aperture&quot;:&quot;0&quot;,&quot;credit&quot;:&quot;&quot;,&quot;camera&quot;:&quot;&quot;,&quot;caption&quot;:&quot;&quot;,&quot;created_timestamp&quot;:&quot;0&quot;,&quot;copyright&quot;:&quot;&quot;,&quot;focal_length&quot;:&quot;0&quot;,&quot;iso&quot;:&quot;0&quot;,&quot;shutter_speed&quot;:&quot;0&quot;,&quot;title&quot;:&quot;&quot;,&quot;orientation&quot;:&quot;0&quot;}\" data-image-title=\"received_1731584346865238\" data-image-description=\"\" data-image-caption=\"\" data-large-file=\"https:\/\/i0.wp.com\/www.zss14.pl\/wp-content\/uploads\/2017\/11\/received_1731584346865238.jpeg?fit=660%2C371&amp;ssl=1\" class=\"aligncenter size-large wp-image-1262\" src=\"https:\/\/i0.wp.com\/www.zss14.pl\/wp-content\/uploads\/2017\/11\/received_1731584346865238.jpeg?resize=660%2C371&#038;ssl=1\" alt=\"\" width=\"660\" height=\"371\" srcset=\"https:\/\/i0.wp.com\/www.zss14.pl\/wp-content\/uploads\/2017\/11\/received_1731584346865238.jpeg?resize=1024%2C576&amp;ssl=1 1024w, https:\/\/i0.wp.com\/www.zss14.pl\/wp-content\/uploads\/2017\/11\/received_1731584346865238.jpeg?resize=300%2C169&amp;ssl=1 300w, https:\/\/i0.wp.com\/www.zss14.pl\/wp-content\/uploads\/2017\/11\/received_1731584346865238.jpeg?resize=768%2C432&amp;ssl=1 768w, https:\/\/i0.wp.com\/www.zss14.pl\/wp-content\/uploads\/2017\/11\/received_1731584346865238.jpeg?resize=700%2C393&amp;ssl=1 700w, https:\/\/i0.wp.com\/www.zss14.pl\/wp-content\/uploads\/2017\/11\/received_1731584346865238.jpeg?w=2048&amp;ssl=1 2048w, https:\/\/i0.wp.com\/www.zss14.pl\/wp-content\/uploads\/2017\/11\/received_1731584346865238.jpeg?w=1320&amp;ssl=1 1320w, https:\/\/i0.wp.com\/www.zss14.pl\/wp-content\/uploads\/2017\/11\/received_1731584346865238.jpeg?w=1980&amp;ssl=1 1980w\" sizes=\"auto, (max-width: 660px) 100vw, 660px\" \/><\/p>\n","protected":false},"excerpt":{"rendered":"<p>W ramach projektu z Edukacji Globalnej w poniedzia\u0142ek 13.11.2017 roku odwiedzi\u0142a nas pani Gosia, kt\u00f3ra jest wolontariuszk\u0105. Ca\u0142y rok by\u0142a na misji w Ameryce Po\u0142udniowej. Pomaga\u0142a tam dzieciom i ich opiekunom w Domu Dziecka w Boliwii. Przygotowa\u0142a wspania\u0142\u0105 prezentacj\u0119, dzi\u0119ki kt\u00f3rej przybli\u017cy\u0142a nam ich kultur\u0119 oraz zobaczyli\u015bmy, jak ludzie \u017cyj\u0105 &#8230;<\/p>\n","protected":false},"author":2,"featured_media":0,"parent":0,"menu_order":0,"comment_status":"closed","ping_status":"closed","template":"","meta":{"footnotes":""},"class_list":["post-1259","page","type-page","status-publish","hentry","column","threecol"],"jetpack_shortlink":"https:\/\/wp.me\/P8RxGB-kj","jetpack_sharing_enabled":true,"_links":{"self":[{"href":"https:\/\/www.zss14.pl\/index.php?rest_route=\/wp\/v2\/pages\/1259","targetHints":{"allow":["GET"]}}],"collection":[{"href":"https:\/\/www.zss14.pl\/index.php?rest_route=\/wp\/v2\/pages"}],"about":[{"href":"https:\/\/www.zss14.pl\/index.php?rest_route=\/wp\/v2\/types\/page"}],"author":[{"embeddable":true,"href":"https:\/\/www.zss14.pl\/index.php?rest_route=\/wp\/v2\/users\/2"}],"replies":[{"embeddable":true,"href":"https:\/\/www.zss14.pl\/index.php?rest_route=%2Fwp%2Fv2%2Fcomments&post=1259"}],"version-history":[{"count":4,"href":"https:\/\/www.zss14.pl\/index.php?rest_route=\/wp\/v2\/pages\/1259\/revisions"}],"predecessor-version":[{"id":2239,"href":"https:\/\/www.zss14.pl\/index.php?rest_route=\/wp\/v2\/pages\/1259\/revisions\/2239"}],"wp:attachment":[{"href":"https:\/\/www.zss14.pl\/index.php?rest_route=%2Fwp%2Fv2%2Fmedia&parent=1259"}],"curies":[{"name":"wp","href":"https:\/\/api.w.org\/{rel}","templated":true}]}}